{"id":754,"date":"2022-11-29T13:33:31","date_gmt":"2022-11-29T12:33:31","guid":{"rendered":"https:\/\/www.amagerradio.dk\/?page_id=754"},"modified":"2025-05-19T19:18:16","modified_gmt":"2025-05-19T17:18:16","slug":"siden-er-under-opatering","status":"publish","type":"page","link":"https:\/\/www.amagerradio.dk\/","title":{"rendered":""},"content":{"rendered":"\n<figure class=\"wp-block-image aligncenter size-large\"><img loading=\"lazy\" decoding=\"async\" width=\"1024\" height=\"390\" src=\"https:\/\/www.amagerradio.dk\/wp-content\/uploads\/2022\/11\/Amager_Radio_HoejoploesningNYT-logo-maaj-2019-1024x390.jpg\" alt=\"\" class=\"wp-image-755\" srcset=\"https:\/\/www.amagerradio.dk\/wp-content\/uploads\/2022\/11\/Amager_Radio_HoejoploesningNYT-logo-maaj-2019-1024x390.jpg 1024w, https:\/\/www.amagerradio.dk\/wp-content\/uploads\/2022\/11\/Amager_Radio_HoejoploesningNYT-logo-maaj-2019-300x114.jpg 300w, https:\/\/www.amagerradio.dk\/wp-content\/uploads\/2022\/11\/Amager_Radio_HoejoploesningNYT-logo-maaj-2019-768x292.jpg 768w, https:\/\/www.amagerradio.dk\/wp-content\/uploads\/2022\/11\/Amager_Radio_HoejoploesningNYT-logo-maaj-2019-1536x585.jpg 1536w, https:\/\/www.amagerradio.dk\/wp-content\/uploads\/2022\/11\/Amager_Radio_HoejoploesningNYT-logo-maaj-2019-2048x779.jpg 2048w\" sizes=\"auto, (max-width: 1024px) 100vw, 1024px\" \/><\/figure>\n\n\n\n<p>Velkommen hos Amager Radio, som er et sendesamvirke mellem flere foreninger. Vi sender god lyttev\u00e6rdig lokalradio p\u00e5 103,4 fm. Vi er dedikerede lokale folk, der bare elsker, at lave \u00d8- radio. Vores sendeflade byder bl.a. p\u00e5 lokale nyheder med vejrudsigt, live- programmer, aktuelle lokaltimer med g\u00e6ster samt musikprogrammer i flere genre.<\/p>\n\n\n\n<p>Vi er reklamefri og h\u00e5ber vi m\u00e5 v\u00e6re i dit lydrum, n\u00e5r du vil h\u00f8re det n\u00e6re, det hyggelige og informative- altid krydret med den bedste musik<\/p>\n\n\n\n<figure class=\"wp-block-image aligncenter size-full\"><a href=\"http:\/\/ca5.rcast.net:8058\/;stream\"><img loading=\"lazy\" decoding=\"async\" width=\"970\" height=\"207\" src=\"https:\/\/www.amagerradio.dk\/wp-content\/uploads\/2020\/03\/Amager-Radio-live-player.jpg\" alt=\"\" class=\"wp-image-524\" srcset=\"https:\/\/www.amagerradio.dk\/wp-content\/uploads\/2020\/03\/Amager-Radio-live-player.jpg 970w, https:\/\/www.amagerradio.dk\/wp-content\/uploads\/2020\/03\/Amager-Radio-live-player-300x64.jpg 300w, https:\/\/www.amagerradio.dk\/wp-content\/uploads\/2020\/03\/Amager-Radio-live-player-768x164.jpg 768w\" sizes=\"auto, (max-width: 970px) 100vw, 970px\" \/><\/a><figcaption class=\"wp-element-caption\"><strong>Lyt med hver dag fra Kl. 06.00-18.30<\/strong><\/figcaption><\/figure>\n\n\n\n<p>Dagens Program<\/p>\n\n\n\n<div class=\"wp-block-columns is-layout-flex wp-container-core-columns-is-layout-28f84493 wp-block-columns-is-layout-flex\">\n<div class=\"wp-block-column is-layout-flow wp-block-column-is-layout-flow\">\n<div id=\"metaslider-id-590\" style=\"width: 100%; margin: 0 auto;\" class=\"ml-slider-3-108-0 ml-slider-pro-2-30-0 metaslider metaslider-flex metaslider-590 ml-slider ms-theme-default nav-hidden\" role=\"region\" aria-label=\"Programoversigt Amager Radio\" data-height=\"800\" data-width=\"700\">\n    <div id=\"metaslider_container_590\">\n        <div id=\"metaslider_590\">\n            <ul class='slides'>\n            <\/ul>\n        <\/div>\n        \n    <\/div>\n<\/div>\n<\/div>\n\n\n\n<div class=\"wp-block-column is-layout-flow wp-block-column-is-layout-flow\">\n<figure class=\"wp-block-image size-full is-resized\"><img loading=\"lazy\" decoding=\"async\" width=\"454\" height=\"340\" src=\"https:\/\/www.amagerradio.dk\/wp-content\/uploads\/2022\/07\/foelg-os-2.png\" alt=\"\" class=\"wp-image-727\" style=\"width:538px;height:403px\" srcset=\"https:\/\/www.amagerradio.dk\/wp-content\/uploads\/2022\/07\/foelg-os-2.png 454w, https:\/\/www.amagerradio.dk\/wp-content\/uploads\/2022\/07\/foelg-os-2-300x225.png 300w\" sizes=\"auto, (max-width: 454px) 100vw, 454px\" \/><\/figure>\n\n\n\n<p><\/p>\n<\/div>\n<\/div>\n\n\n\n<p><\/p>\n","protected":false},"excerpt":{"rendered":"<p>Velkommen hos Amager Radio, som er et sendesamvirke mellem flere foreninger. Vi sender god lyttev\u00e6rdig lokalradio p\u00e5 103,4 fm. Vi<\/p>\n","protected":false},"author":1,"featured_media":0,"parent":0,"menu_order":0,"comment_status":"closed","ping_status":"closed","template":"","meta":{"colormag_page_container_layout":"no_sidebar_content_centered","colormag_page_sidebar_layout":"no_sidebar","h5ap_radio_sources":[],"footnotes":""},"class_list":["post-754","page","type-page","status-publish","hentry"],"_links":{"self":[{"href":"https:\/\/www.amagerradio.dk\/index.php\/wp-json\/wp\/v2\/pages\/754","targetHints":{"allow":["GET"]}}],"collection":[{"href":"https:\/\/www.amagerradio.dk\/index.php\/wp-json\/wp\/v2\/pages"}],"about":[{"href":"https:\/\/www.amagerradio.dk\/index.php\/wp-json\/wp\/v2\/types\/page"}],"author":[{"embeddable":true,"href":"https:\/\/www.amagerradio.dk\/index.php\/wp-json\/wp\/v2\/users\/1"}],"replies":[{"embeddable":true,"href":"https:\/\/www.amagerradio.dk\/index.php\/wp-json\/wp\/v2\/comments?post=754"}],"version-history":[{"count":90,"href":"https:\/\/www.amagerradio.dk\/index.php\/wp-json\/wp\/v2\/pages\/754\/revisions"}],"predecessor-version":[{"id":1047,"href":"https:\/\/www.amagerradio.dk\/index.php\/wp-json\/wp\/v2\/pages\/754\/revisions\/1047"}],"wp:attachment":[{"href":"https:\/\/www.amagerradio.dk\/index.php\/wp-json\/wp\/v2\/media?parent=754"}],"curies":[{"name":"wp","href":"https:\/\/api.w.org\/{rel}","templated":true}]}}